{"id":163,"date":"2024-03-26T10:19:26","date_gmt":"2024-03-26T09:19:26","guid":{"rendered":"https:\/\/www.folix.sk\/reklama\/?page_id=163"},"modified":"2024-03-26T11:23:34","modified_gmt":"2024-03-26T10:23:34","slug":"na-webe-sa-pracuje","status":"publish","type":"page","link":"https:\/\/www.folix.sk\/reklama\/","title":{"rendered":"Na webe sa pracuje"},"content":{"rendered":"\t\t<div data-elementor-type=\"wp-page\" data-elementor-id=\"163\" class=\"elementor elementor-163\" data-elementor-post-type=\"page\">\n\t\t\t\t\t\t\t<div class=\"elementor-element elementor-element-2263403 e-flex e-con-boxed e-con e-parent\" data-id=\"2263403\" data-element_type=\"container\" data-settings=\"{&quot;background_background&quot;:&quot;gradient&quot;,&quot;content_width&quot;:&quot;boxed&quot;}\" data-core-v316-plus=\"true\">\n\t\t\t\t\t<div class=\"e-con-inner\">\n\t\t<div class=\"elementor-element elementor-element-56be6a9 e-con-full e-flex e-con e-child\" data-id=\"56be6a9\" data-element_type=\"container\" data-settings=\"{&quot;content_width&quot;:&quot;full&quot;}\">\n\t\t\t\t<div class=\"elementor-element elementor-element-9c72509 elementor-widget__width-initial elementor-widget elementor-widget-image\" data-id=\"9c72509\" data-element_type=\"widget\" data-widget_type=\"image.default\">\n\t\t\t\t<div class=\"elementor-widget-container\">\n\t\t\t<style>\/*! elementor - v3.17.0 - 25-10-2023 *\/\n.elementor-widget-image{text-align:center}.elementor-widget-image a{display:inline-block}.elementor-widget-image a img[src$=\".svg\"]{width:48px}.elementor-widget-image img{vertical-align:middle;display:inline-block}<\/style>\t\t\t\t\t\t\t\t\t\t\t\t\t<a href=\"https:\/\/www.folix.sk\">\n\t\t\t\t\t\t\t<img fetchpriority=\"high\" decoding=\"async\" width=\"1141\" height=\"217\" src=\"https:\/\/www.folix.sk\/reklama\/wp-content\/uploads\/2024\/03\/folix.png\" class=\"attachment-full size-full wp-image-165\" alt=\"\" srcset=\"https:\/\/www.folix.sk\/reklama\/wp-content\/uploads\/2024\/03\/folix.png 1141w, https:\/\/www.folix.sk\/reklama\/wp-content\/uploads\/2024\/03\/folix-300x57.png 300w, https:\/\/www.folix.sk\/reklama\/wp-content\/uploads\/2024\/03\/folix-1024x195.png 1024w, https:\/\/www.folix.sk\/reklama\/wp-content\/uploads\/2024\/03\/folix-768x146.png 768w\" sizes=\"(max-width: 1141px) 100vw, 1141px\" \/>\t\t\t\t\t\t\t\t<\/a>\n\t\t\t\t\t\t\t\t\t\t\t\t\t\t\t<\/div>\n\t\t\t\t<\/div>\n\t\t\t\t<\/div>\n\t\t<div class=\"elementor-element elementor-element-ecebbdc e-con-full e-flex e-con e-child\" data-id=\"ecebbdc\" data-element_type=\"container\" data-settings=\"{&quot;content_width&quot;:&quot;full&quot;,&quot;background_background&quot;:&quot;classic&quot;}\">\n\t\t\t\t<div class=\"elementor-element elementor-element-d89b625 elementor-hidden-mobile elementor-invisible elementor-widget elementor-widget-heading\" data-id=\"d89b625\" data-element_type=\"widget\" data-settings=\"{&quot;_animation&quot;:&quot;fadeInLeft&quot;,&quot;_animation_delay&quot;:600}\" data-widget_type=\"heading.default\">\n\t\t\t\t<div class=\"elementor-widget-container\">\n\t\t\t<style>\/*! elementor - v3.17.0 - 25-10-2023 *\/\n.elementor-heading-title{padding:0;margin:0;line-height:1}.elementor-widget-heading .elementor-heading-title[class*=elementor-size-]>a{color:inherit;font-size:inherit;line-height:inherit}.elementor-widget-heading .elementor-heading-title.elementor-size-small{font-size:15px}.elementor-widget-heading .elementor-heading-title.elementor-size-medium{font-size:19px}.elementor-widget-heading .elementor-heading-title.elementor-size-large{font-size:29px}.elementor-widget-heading .elementor-heading-title.elementor-size-xl{font-size:39px}.elementor-widget-heading .elementor-heading-title.elementor-size-xxl{font-size:59px}<\/style><h2 class=\"elementor-heading-title elementor-size-default\">Prisp\u00f4sobte svoje auto svojmu vkusu s na\u0161ou autof\u00f3liou.<\/h2>\t\t<\/div>\n\t\t\t\t<\/div>\n\t\t\t\t<div class=\"elementor-element elementor-element-072e62d elementor-widget elementor-widget-heading\" data-id=\"072e62d\" data-element_type=\"widget\" data-widget_type=\"heading.default\">\n\t\t\t\t<div class=\"elementor-widget-container\">\n\t\t\t<h2 class=\"elementor-heading-title elementor-size-default\">Reklama<\/h2>\t\t<\/div>\n\t\t\t\t<\/div>\n\t\t\t\t<div class=\"elementor-element elementor-element-ccaa986 elementor-icon-list--layout-inline elementor-align-center elementor-list-item-link-full_width elementor-widget elementor-widget-icon-list\" data-id=\"ccaa986\" data-element_type=\"widget\" data-widget_type=\"icon-list.default\">\n\t\t\t\t<div class=\"elementor-widget-container\">\n\t\t\t<link rel=\"stylesheet\" href=\"https:\/\/www.folix.sk\/reklama\/wp-content\/plugins\/elementor\/assets\/css\/widget-icon-list.min.css\">\t\t<ul class=\"elementor-icon-list-items elementor-inline-items\">\n\t\t\t\t\t\t\t<li class=\"elementor-icon-list-item elementor-inline-item\">\n\t\t\t\t\t\t\t\t\t\t\t<span class=\"elementor-icon-list-icon\">\n\t\t\t\t\t\t\t<i aria-hidden=\"true\" class=\"fas fa-plus\"><\/i>\t\t\t\t\t\t<\/span>\n\t\t\t\t\t\t\t\t\t\t<span class=\"elementor-icon-list-text\">NA WEBE SA PRACUJE <\/span>\n\t\t\t\t\t\t\t\t\t<\/li>\n\t\t\t\t\t\t<\/ul>\n\t\t\t\t<\/div>\n\t\t\t\t<\/div>\n\t\t\t\t<div class=\"elementor-element elementor-element-691b1ee elementor-align-center animated-slow elementor-invisible elementor-widget elementor-widget-button\" data-id=\"691b1ee\" data-element_type=\"widget\" data-settings=\"{&quot;_animation&quot;:&quot;fadeIn&quot;}\" data-widget_type=\"button.default\">\n\t\t\t\t<div class=\"elementor-widget-container\">\n\t\t\t\t\t<div class=\"elementor-button-wrapper\">\n\t\t\t<a class=\"elementor-button elementor-button-link elementor-size-sm\" href=\"https:\/\/www.folix.sk\/\">\n\t\t\t\t\t\t<span class=\"elementor-button-content-wrapper\">\n\t\t\t\t\t\t<span class=\"elementor-button-text\">Sp\u00e4\u0165 domov <\/span>\n\t\t<\/span>\n\t\t\t\t\t<\/a>\n\t\t<\/div>\n\t\t\t\t<\/div>\n\t\t\t\t<\/div>\n\t\t\t\t<div class=\"elementor-element elementor-element-aa7146a elementor-widget elementor-widget-spacer\" data-id=\"aa7146a\" data-element_type=\"widget\" data-widget_type=\"spacer.default\">\n\t\t\t\t<div class=\"elementor-widget-container\">\n\t\t\t<style>\/*! elementor - v3.17.0 - 25-10-2023 *\/\n.elementor-column .elementor-spacer-inner{height:var(--spacer-size)}.e-con{--container-widget-width:100%}.e-con-inner>.elementor-widget-spacer,.e-con>.elementor-widget-spacer{width:var(--container-widget-width,var(--spacer-size));--align-self:var(--container-widget-align-self,initial);--flex-shrink:0}.e-con-inner>.elementor-widget-spacer>.elementor-widget-container,.e-con>.elementor-widget-spacer>.elementor-widget-container{height:100%;width:100%}.e-con-inner>.elementor-widget-spacer>.elementor-widget-container>.elementor-spacer,.e-con>.elementor-widget-spacer>.elementor-widget-container>.elementor-spacer{height:100%}.e-con-inner>.elementor-widget-spacer>.elementor-widget-container>.elementor-spacer>.elementor-spacer-inner,.e-con>.elementor-widget-spacer>.elementor-widget-container>.elementor-spacer>.elementor-spacer-inner{height:var(--container-widget-height,var(--spacer-size))}.e-con-inner>.elementor-widget-spacer.elementor-widget-empty,.e-con>.elementor-widget-spacer.elementor-widget-empty{position:relative;min-height:22px;min-width:22px}.e-con-inner>.elementor-widget-spacer.elementor-widget-empty .elementor-widget-empty-icon,.e-con>.elementor-widget-spacer.elementor-widget-empty .elementor-widget-empty-icon{position:absolute;top:0;bottom:0;left:0;right:0;margin:auto;padding:0;width:22px;height:22px}<\/style>\t\t<div class=\"elementor-spacer\">\n\t\t\t<div class=\"elementor-spacer-inner\"><\/div>\n\t\t<\/div>\n\t\t\t\t<\/div>\n\t\t\t\t<\/div>\n\t\t\t\t<\/div>\n\t\t<div class=\"elementor-element elementor-element-07511ea e-con-full e-flex e-con e-child\" data-id=\"07511ea\" data-element_type=\"container\" data-settings=\"{&quot;content_width&quot;:&quot;full&quot;}\">\n\t\t\t\t<\/div>\n\t\t<div class=\"elementor-element elementor-element-f2b4331 e-con-full e-flex elementor-invisible e-con e-child\" data-id=\"f2b4331\" data-element_type=\"container\" data-settings=\"{&quot;content_width&quot;:&quot;full&quot;,&quot;animation&quot;:&quot;fadeInUp&quot;}\">\n\t\t\t\t<div class=\"elementor-element elementor-element-a9803aa elementor-hidden-desktop elementor-hidden-tablet elementor-widget elementor-widget-spacer\" data-id=\"a9803aa\" data-element_type=\"widget\" data-widget_type=\"spacer.default\">\n\t\t\t\t<div class=\"elementor-widget-container\">\n\t\t\t\t\t<div class=\"elementor-spacer\">\n\t\t\t<div class=\"elementor-spacer-inner\"><\/div>\n\t\t<\/div>\n\t\t\t\t<\/div>\n\t\t\t\t<\/div>\n\t\t\t\t<\/div>\n\t\t<div class=\"elementor-element elementor-element-324668f e-con-full elementor-hidden-mobile e-flex e-con e-child\" data-id=\"324668f\" data-element_type=\"container\" data-settings=\"{&quot;content_width&quot;:&quot;full&quot;}\">\n\t\t\t\t<div class=\"elementor-element elementor-element-533a0a4 elementor-widget elementor-widget-spacer\" data-id=\"533a0a4\" data-element_type=\"widget\" data-widget_type=\"spacer.default\">\n\t\t\t\t<div class=\"elementor-widget-container\">\n\t\t\t\t\t<div class=\"elementor-spacer\">\n\t\t\t<div class=\"elementor-spacer-inner\"><\/div>\n\t\t<\/div>\n\t\t\t\t<\/div>\n\t\t\t\t<\/div>\n\t\t\t\t<\/div>\n\t\t\t\t\t<\/div>\n\t\t\t\t<\/div>\n\t\t\t\t\t\t\t<\/div>\n\t\t","protected":false},"excerpt":{"rendered":"<p>Prisp\u00f4sobte svoje auto svojmu vkusu s na\u0161ou autof\u00f3liou. Reklama NA WEBE SA PRACUJE Sp\u00e4\u0165 domov<\/p>\n","protected":false},"author":1,"featured_media":0,"parent":0,"menu_order":0,"comment_status":"closed","ping_status":"closed","template":"elementor_canvas","meta":{"_monsterinsights_skip_tracking":false,"_monsterinsights_sitenote_active":false,"_monsterinsights_sitenote_note":"","_monsterinsights_sitenote_category":0,"footnotes":""},"yoast_head":"<!-- This site is optimized with the Yoast SEO plugin v21.5 - https:\/\/yoast.com\/wordpress\/plugins\/seo\/ -->\n<title>Na webe sa pracuje - Folix reklama<\/title>\n<meta name=\"robots\" content=\"noindex, follow, max-snippet:-1, max-image-preview:large, max-video-preview:-1\" \/>\n<meta property=\"og:locale\" content=\"sk_SK\" \/>\n<meta property=\"og:type\" content=\"article\" \/>\n<meta property=\"og:title\" content=\"Na webe sa pracuje - Folix reklama\" \/>\n<meta property=\"og:description\" content=\"Prisp\u00f4sobte svoje auto svojmu vkusu s na\u0161ou autof\u00f3liou. Reklama NA WEBE SA PRACUJE Sp\u00e4\u0165 domov\" \/>\n<meta property=\"og:url\" content=\"https:\/\/www.folix.sk\/reklama\/\" \/>\n<meta property=\"og:site_name\" content=\"Folix reklama\" \/>\n<meta property=\"article:modified_time\" content=\"2024-03-26T10:23:34+00:00\" \/>\n<meta property=\"og:image\" content=\"https:\/\/www.folix.sk\/reklama\/wp-content\/uploads\/2024\/03\/folix.png\" \/>\n<meta name=\"twitter:card\" content=\"summary_large_image\" \/>\n<meta name=\"twitter:label1\" content=\"Predpokladan\u00fd \u010das \u010d\u00edtania\" \/>\n\t<meta name=\"twitter:data1\" content=\"1 min\u00fata\" \/>\n<script type=\"application\/ld+json\" class=\"yoast-schema-graph\">{\"@context\":\"https:\/\/schema.org\",\"@graph\":[{\"@type\":\"WebPage\",\"@id\":\"https:\/\/www.folix.sk\/reklama\/\",\"url\":\"https:\/\/www.folix.sk\/reklama\/\",\"name\":\"Na webe sa pracuje - Folix reklama\",\"isPartOf\":{\"@id\":\"https:\/\/www.folix.sk\/reklama\/#website\"},\"datePublished\":\"2024-03-26T09:19:26+00:00\",\"dateModified\":\"2024-03-26T10:23:34+00:00\",\"breadcrumb\":{\"@id\":\"https:\/\/www.folix.sk\/reklama\/#breadcrumb\"},\"inLanguage\":\"sk-SK\",\"potentialAction\":[{\"@type\":\"ReadAction\",\"target\":[\"https:\/\/www.folix.sk\/reklama\/\"]}]},{\"@type\":\"BreadcrumbList\",\"@id\":\"https:\/\/www.folix.sk\/reklama\/#breadcrumb\",\"itemListElement\":[{\"@type\":\"ListItem\",\"position\":1,\"name\":\"Home\",\"item\":\"https:\/\/www.folix.sk\/reklama\/\"},{\"@type\":\"ListItem\",\"position\":2,\"name\":\"Na webe sa pracuje\"}]},{\"@type\":\"WebSite\",\"@id\":\"https:\/\/www.folix.sk\/reklama\/#website\",\"url\":\"https:\/\/www.folix.sk\/reklama\/\",\"name\":\"Folix reklama\",\"description\":\"Reklama\",\"publisher\":{\"@id\":\"https:\/\/www.folix.sk\/reklama\/#organization\"},\"potentialAction\":[{\"@type\":\"SearchAction\",\"target\":{\"@type\":\"EntryPoint\",\"urlTemplate\":\"https:\/\/www.folix.sk\/reklama\/?s={search_term_string}\"},\"query-input\":\"required name=search_term_string\"}],\"inLanguage\":\"sk-SK\"},{\"@type\":\"Organization\",\"@id\":\"https:\/\/www.folix.sk\/reklama\/#organization\",\"name\":\"Folix reklama\",\"url\":\"https:\/\/www.folix.sk\/reklama\/\",\"logo\":{\"@type\":\"ImageObject\",\"inLanguage\":\"sk-SK\",\"@id\":\"https:\/\/www.folix.sk\/reklama\/#\/schema\/logo\/image\/\",\"url\":\"https:\/\/www.folix.sk\/reklama\/wp-content\/uploads\/2023\/10\/cropped-2.png\",\"contentUrl\":\"https:\/\/www.folix.sk\/reklama\/wp-content\/uploads\/2023\/10\/cropped-2.png\",\"width\":893,\"height\":616,\"caption\":\"Folix reklama\"},\"image\":{\"@id\":\"https:\/\/www.folix.sk\/reklama\/#\/schema\/logo\/image\/\"}}]}<\/script>\n<!-- \/ Yoast SEO plugin. -->","yoast_head_json":{"title":"Na webe sa pracuje - Folix reklama","robots":{"index":"noindex","follow":"follow","max-snippet":"max-snippet:-1","max-image-preview":"max-image-preview:large","max-video-preview":"max-video-preview:-1"},"og_locale":"sk_SK","og_type":"article","og_title":"Na webe sa pracuje - Folix reklama","og_description":"Prisp\u00f4sobte svoje auto svojmu vkusu s na\u0161ou autof\u00f3liou. Reklama NA WEBE SA PRACUJE Sp\u00e4\u0165 domov","og_url":"https:\/\/www.folix.sk\/reklama\/","og_site_name":"Folix reklama","article_modified_time":"2024-03-26T10:23:34+00:00","og_image":[{"url":"https:\/\/www.folix.sk\/reklama\/wp-content\/uploads\/2024\/03\/folix.png"}],"twitter_card":"summary_large_image","twitter_misc":{"Predpokladan\u00fd \u010das \u010d\u00edtania":"1 min\u00fata"},"schema":{"@context":"https:\/\/schema.org","@graph":[{"@type":"WebPage","@id":"https:\/\/www.folix.sk\/reklama\/","url":"https:\/\/www.folix.sk\/reklama\/","name":"Na webe sa pracuje - Folix reklama","isPartOf":{"@id":"https:\/\/www.folix.sk\/reklama\/#website"},"datePublished":"2024-03-26T09:19:26+00:00","dateModified":"2024-03-26T10:23:34+00:00","breadcrumb":{"@id":"https:\/\/www.folix.sk\/reklama\/#breadcrumb"},"inLanguage":"sk-SK","potentialAction":[{"@type":"ReadAction","target":["https:\/\/www.folix.sk\/reklama\/"]}]},{"@type":"BreadcrumbList","@id":"https:\/\/www.folix.sk\/reklama\/#breadcrumb","itemListElement":[{"@type":"ListItem","position":1,"name":"Home","item":"https:\/\/www.folix.sk\/reklama\/"},{"@type":"ListItem","position":2,"name":"Na webe sa pracuje"}]},{"@type":"WebSite","@id":"https:\/\/www.folix.sk\/reklama\/#website","url":"https:\/\/www.folix.sk\/reklama\/","name":"Folix reklama","description":"Reklama","publisher":{"@id":"https:\/\/www.folix.sk\/reklama\/#organization"},"potentialAction":[{"@type":"SearchAction","target":{"@type":"EntryPoint","urlTemplate":"https:\/\/www.folix.sk\/reklama\/?s={search_term_string}"},"query-input":"required name=search_term_string"}],"inLanguage":"sk-SK"},{"@type":"Organization","@id":"https:\/\/www.folix.sk\/reklama\/#organization","name":"Folix reklama","url":"https:\/\/www.folix.sk\/reklama\/","logo":{"@type":"ImageObject","inLanguage":"sk-SK","@id":"https:\/\/www.folix.sk\/reklama\/#\/schema\/logo\/image\/","url":"https:\/\/www.folix.sk\/reklama\/wp-content\/uploads\/2023\/10\/cropped-2.png","contentUrl":"https:\/\/www.folix.sk\/reklama\/wp-content\/uploads\/2023\/10\/cropped-2.png","width":893,"height":616,"caption":"Folix reklama"},"image":{"@id":"https:\/\/www.folix.sk\/reklama\/#\/schema\/logo\/image\/"}}]}},"_links":{"self":[{"href":"https:\/\/www.folix.sk\/reklama\/index.php?rest_route=\/wp\/v2\/pages\/163"}],"collection":[{"href":"https:\/\/www.folix.sk\/reklama\/index.php?rest_route=\/wp\/v2\/pages"}],"about":[{"href":"https:\/\/www.folix.sk\/reklama\/index.php?rest_route=\/wp\/v2\/types\/page"}],"author":[{"embeddable":true,"href":"https:\/\/www.folix.sk\/reklama\/index.php?rest_route=\/wp\/v2\/users\/1"}],"replies":[{"embeddable":true,"href":"https:\/\/www.folix.sk\/reklama\/index.php?rest_route=%2Fwp%2Fv2%2Fcomments&post=163"}],"version-history":[{"count":6,"href":"https:\/\/www.folix.sk\/reklama\/index.php?rest_route=\/wp\/v2\/pages\/163\/revisions"}],"predecessor-version":[{"id":185,"href":"https:\/\/www.folix.sk\/reklama\/index.php?rest_route=\/wp\/v2\/pages\/163\/revisions\/185"}],"wp:attachment":[{"href":"https:\/\/www.folix.sk\/reklama\/index.php?rest_route=%2Fwp%2Fv2%2Fmedia&parent=163"}],"curies":[{"name":"wp","href":"https:\/\/api.w.org\/{rel}","templated":true}]}}